{"id":50400,"date":"2022-12-01T15:25:13","date_gmt":"2022-12-01T14:25:13","guid":{"rendered":"https:\/\/pro-pulse.be\/?page_id=50400"},"modified":"2023-09-22T14:09:32","modified_gmt":"2023-09-22T12:09:32","slug":"etapes-de-la-creation-dune-entreprise","status":"publish","type":"page","link":"https:\/\/pro-pulse.be\/index.php\/etapes-de-la-creation-dune-entreprise\/","title":{"rendered":"Etapes de la cr\u00e9ation d&rsquo;une entreprise"},"content":{"rendered":"<p>[et_pb_section fb_built=\u00a0\u00bb1&Prime; disabled_on=\u00a0\u00bboff|off|off\u00a0\u00bb _builder_version=\u00a0\u00bb4.17.4&Prime; background_color=\u00a0\u00bb#383838&Prime; custom_padding=\u00a0\u00bb86px|0px|86px|0px|true|false\u00a0\u00bb global_module=\u00a0\u00bb49711&Prime; saved_tabs=\u00a0\u00bball\u00a0\u00bb collapsed=\u00a0\u00bbon\u00a0\u00bb global_colors_info=\u00a0\u00bb{}\u00a0\u00bb][et_pb_row column_structure=\u00a0\u00bb1_2,1_2&Prime; use_custom_gutter=\u00a0\u00bbon\u00a0\u00bb gutter_width=\u00a0\u00bb1&Prime; make_equal=\u00a0\u00bbon\u00a0\u00bb padding_top_bottom_link_1=\u00a0\u00bbtrue\u00a0\u00bb padding_left_right_link_1=\u00a0\u00bbtrue\u00a0\u00bb _builder_version=\u00a0\u00bb4.17.4&Prime; background_color=\u00a0\u00bbRGBA(255,255,255,0)\u00a0\u00bb max_width=\u00a0\u00bb1200px\u00a0\u00bb global_colors_info=\u00a0\u00bb{}\u00a0\u00bb][et_pb_column type=\u00a0\u00bb1_2&Prime; _builder_version=\u00a0\u00bb4.17.4&Prime; background_color=\u00a0\u00bb#000000&Prime; custom_padding=\u00a0\u00bb80px|80px|80px|80px\u00a0\u00bb custom_padding_tablet=\u00a0\u00bb|60px||60px||true\u00a0\u00bb custom_padding_phone=\u00a0\u00bb|40px||40px||true\u00a0\u00bb custom_padding_last_edited=\u00a0\u00bbon|tablet\u00a0\u00bb global_colors_info=\u00a0\u00bb{}\u00a0\u00bb custom_padding__hover=\u00a0\u00bb|||\u00a0\u00bb][et_pb_text _builder_version=\u00a0\u00bb4.17.4&Prime; text_font=\u00a0\u00bbNunito Sans||||||||\u00a0\u00bb text_text_color=\u00a0\u00bb#5499D4&Prime; text_font_size=\u00a0\u00bb16px\u00a0\u00bb text_line_height=\u00a0\u00bb1.8em\u00a0\u00bb header_font=\u00a0\u00bbPoppins|600||on|||||\u00a0\u00bb header_text_color=\u00a0\u00bb#E09900&Prime; header_font_size=\u00a0\u00bb14px\u00a0\u00bb header_letter_spacing=\u00a0\u00bb3px\u00a0\u00bb header_line_height=\u00a0\u00bb1.3em\u00a0\u00bb global_colors_info=\u00a0\u00bb{}\u00a0\u00bb]<\/p>\n<h1>T\u00c9L\u00c9CHARGEZ NOTRE GUIDE<\/h1>\n<p>[\/et_pb_text][et_pb_text _builder_version=\u00a0\u00bb4.17.4&Prime; text_font=\u00a0\u00bbNunito Sans||||||||\u00a0\u00bb text_text_color=\u00a0\u00bb#5499D4&Prime; text_font_size=\u00a0\u00bb16px\u00a0\u00bb text_line_height=\u00a0\u00bb1.8em\u00a0\u00bb header_font=\u00a0\u00bbRoboto|700|||||||\u00a0\u00bb header_text_color=\u00a0\u00bb#FFFFFF\u00a0\u00bb header_line_height=\u00a0\u00bb1.2em\u00a0\u00bb header_2_text_color=\u00a0\u00bb#FFFFFF\u00a0\u00bb custom_margin=\u00a0\u00bb||||false|false\u00a0\u00bb header_font_size_tablet=\u00a0\u00bb\u00a0\u00bb header_font_size_phone=\u00a0\u00bb25px\u00a0\u00bb header_font_size_last_edited=\u00a0\u00bbon|desktop\u00a0\u00bb global_colors_info=\u00a0\u00bb{}\u00a0\u00bb]<\/p>\n<h2>T\u00e9l\u00e9charger les \u00e9tapes n\u00e9cessaires \u00e0 la cr\u00e9ation de votre entreprise<\/h2>\n<p>[\/et_pb_text][et_pb_divider color=\u00a0\u00bb#E09900&Prime; divider_style=\u00a0\u00bbinset\u00a0\u00bb _builder_version=\u00a0\u00bb4.17.4&Prime; _module_preset=\u00a0\u00bbdefault\u00a0\u00bb custom_margin=\u00a0\u00bb30px||30px||false|false\u00a0\u00bb global_colors_info=\u00a0\u00bb{}\u00a0\u00bb][\/et_pb_divider][et_pb_signup mailchimp_list=\u00a0\u00bbcontact@pro-pulsebe|ef322bfaff\u00a0\u00bb last_name_field=\u00a0\u00bboff\u00a0\u00bb use_custom_fields=\u00a0\u00bbon\u00a0\u00bb success_message=\u00a0\u00bbVous allez recevoir votre Ebook par email. Bonne lecture ! \u00a0\u00bb button_text=\u00a0\u00bbRecevoir votre guide\u00a0\u00bb disabled_on=\u00a0\u00bboff|off|off\u00a0\u00bb module_id=\u00a0\u00bblead_magnet\u00a0\u00bb module_class=\u00a0\u00bb.pa-hide-option-group\u00a0\u00bb _builder_version=\u00a0\u00bb4.17.4&Prime; _module_preset=\u00a0\u00bbdefault\u00a0\u00bb form_field_background_color=\u00a0\u00bb#000000&Prime; form_field_text_color=\u00a0\u00bb#FFFFFF\u00a0\u00bb use_background_color=\u00a0\u00bboff\u00a0\u00bb custom_button=\u00a0\u00bbon\u00a0\u00bb button_text_size=\u00a0\u00bb16px\u00a0\u00bb button_text_color=\u00a0\u00bb#FFFFFF\u00a0\u00bb button_border_radius=\u00a0\u00bb0px\u00a0\u00bb button_font=\u00a0\u00bbRoboto|||on|||||\u00a0\u00bb button_use_icon=\u00a0\u00bboff\u00a0\u00bb hover_enabled=\u00a0\u00bb0&Prime; border_radii_fields=\u00a0\u00bbon|0px|0px|0px|0px\u00a0\u00bb border_width_all_fields=\u00a0\u00bb1px\u00a0\u00bb border_color_all_fields=\u00a0\u00bb#FFFFFF\u00a0\u00bb global_colors_info=\u00a0\u00bb{}\u00a0\u00bb sticky_enabled=\u00a0\u00bb0&Prime;][et_pb_signup_custom_field field_id=\u00a0\u00bb97cfcadc72&Prime; field_title=\u00a0\u00bbSource\u00a0\u00bb field_type=\u00a0\u00bbcheckbox\u00a0\u00bb checkbox_options=\u00a0\u00bb%91{%22checked%22:0,%22value%22:%22Newsletter%22,%22id%22:%229dfe723050%22,%22dragID%22:-1},{%22checked%22:1,%22value%22:%22Formation Cr\u00e9er entreprise 7 jours%22,%22id%22:%221fc2ab3b6f%22,%22dragID%22:0},{%22checked%22:0,%22value%22:%22Guide business plan%22,%22id%22:%2297fd170880%22,%22dragID%22:1}%93&Prime; _builder_version=\u00a0\u00bb4.17.4&Prime; _module_preset=\u00a0\u00bbdefault\u00a0\u00bb hover_enabled=\u00a0\u00bb0&Prime; global_colors_info=\u00a0\u00bb{}\u00a0\u00bb predefined_field=\u00a0\u00bb97cfcadc72&Prime; sticky_enabled=\u00a0\u00bb0&Prime;][\/et_pb_signup_custom_field][\/et_pb_signup][\/et_pb_column][et_pb_column type=\u00a0\u00bb1_2&Prime; _builder_version=\u00a0\u00bb4.17.4&Prime; background_image=\u00a0\u00bbhttps:\/\/pro-pulse.be\/wp-content\/uploads\/2022\/07\/ebook.jpg\u00a0\u00bb custom_padding=\u00a0\u00bb|||\u00a0\u00bb global_colors_info=\u00a0\u00bb{}\u00a0\u00bb custom_padding__hover=\u00a0\u00bb|||\u00a0\u00bb][et_pb_divider show_divider=\u00a0\u00bboff\u00a0\u00bb _builder_version=\u00a0\u00bb4.17.4&Prime; background_image=\u00a0\u00bbhttps:\/\/pro-pulse.be\/wp-content\/uploads\/2023\/04\/illustration-formation-creation-entreprise.png\u00a0\u00bb custom_padding=\u00a0\u00bb206px||206px||true\u00a0\u00bb global_colors_info=\u00a0\u00bb{}\u00a0\u00bb][\/et_pb_divider][\/et_pb_column][\/et_pb_row][\/et_pb_section]<\/p>\n","protected":false},"excerpt":{"rendered":"<p>T\u00c9L\u00c9CHARGEZ NOTRE GUIDET\u00e9l\u00e9charger les \u00e9tapes n\u00e9cessaires \u00e0 la cr\u00e9ation de votre entreprise<\/p>\n","protected":false},"author":1,"featured_media":0,"parent":0,"menu_order":0,"comment_status":"closed","ping_status":"closed","template":"","meta":{"_et_pb_use_builder":"on","_et_pb_old_content":"","_et_gb_content_width":"","footnotes":""},"class_list":["post-50400","page","type-page","status-publish","hentry"],"yoast_head":"<!-- This site is optimized with the Yoast SEO plugin v27.4 - https:\/\/yoast.com\/product\/yoast-seo-wordpress\/ -->\n<title>Etapes de la cr\u00e9ation d&#039;une entreprise - Pro-Pulse<\/title>\n<meta name=\"robots\" content=\"index, follow, max-snippet:-1, max-image-preview:large, max-video-preview:-1\" \/>\n<link rel=\"canonical\" href=\"https:\/\/pro-pulse.be\/index.php\/etapes-de-la-creation-dune-entreprise\/\" \/>\n<meta property=\"og:locale\" content=\"fr_FR\" \/>\n<meta property=\"og:type\" content=\"article\" \/>\n<meta property=\"og:title\" content=\"Etapes de la cr\u00e9ation d&#039;une entreprise - Pro-Pulse\" \/>\n<meta property=\"og:description\" content=\"T\u00c9L\u00c9CHARGEZ NOTRE GUIDET\u00e9l\u00e9charger les \u00e9tapes n\u00e9cessaires \u00e0 la cr\u00e9ation de votre entreprise\" \/>\n<meta property=\"og:url\" content=\"https:\/\/pro-pulse.be\/index.php\/etapes-de-la-creation-dune-entreprise\/\" \/>\n<meta property=\"og:site_name\" content=\"Pro-Pulse\" \/>\n<meta property=\"article:modified_time\" content=\"2023-09-22T12:09:32+00:00\" \/>\n<meta name=\"twitter:card\" content=\"summary_large_image\" \/>\n<meta name=\"twitter:label1\" content=\"Dur\u00e9e de lecture estim\u00e9e\" \/>\n\t<meta name=\"twitter:data1\" content=\"1 minute\" \/>\n<script type=\"application\/ld+json\" class=\"yoast-schema-graph\">{\"@context\":\"https:\\\/\\\/schema.org\",\"@graph\":[{\"@type\":\"WebPage\",\"@id\":\"https:\\\/\\\/pro-pulse.be\\\/index.php\\\/etapes-de-la-creation-dune-entreprise\\\/\",\"url\":\"https:\\\/\\\/pro-pulse.be\\\/index.php\\\/etapes-de-la-creation-dune-entreprise\\\/\",\"name\":\"Etapes de la cr\u00e9ation d'une entreprise - Pro-Pulse\",\"isPartOf\":{\"@id\":\"https:\\\/\\\/pro-pulse.be\\\/#website\"},\"datePublished\":\"2022-12-01T14:25:13+00:00\",\"dateModified\":\"2023-09-22T12:09:32+00:00\",\"breadcrumb\":{\"@id\":\"https:\\\/\\\/pro-pulse.be\\\/index.php\\\/etapes-de-la-creation-dune-entreprise\\\/#breadcrumb\"},\"inLanguage\":\"fr-FR\",\"potentialAction\":[{\"@type\":\"ReadAction\",\"target\":[\"https:\\\/\\\/pro-pulse.be\\\/index.php\\\/etapes-de-la-creation-dune-entreprise\\\/\"]}]},{\"@type\":\"BreadcrumbList\",\"@id\":\"https:\\\/\\\/pro-pulse.be\\\/index.php\\\/etapes-de-la-creation-dune-entreprise\\\/#breadcrumb\",\"itemListElement\":[{\"@type\":\"ListItem\",\"position\":1,\"name\":\"Accueil\",\"item\":\"https:\\\/\\\/pro-pulse.be\\\/\"},{\"@type\":\"ListItem\",\"position\":2,\"name\":\"Etapes de la cr\u00e9ation d&rsquo;une entreprise\"}]},{\"@type\":\"WebSite\",\"@id\":\"https:\\\/\\\/pro-pulse.be\\\/#website\",\"url\":\"https:\\\/\\\/pro-pulse.be\\\/\",\"name\":\"Pro-Pulse\",\"description\":\"La boite qui monte des boites\",\"publisher\":{\"@id\":\"https:\\\/\\\/pro-pulse.be\\\/#organization\"},\"potentialAction\":[{\"@type\":\"SearchAction\",\"target\":{\"@type\":\"EntryPoint\",\"urlTemplate\":\"https:\\\/\\\/pro-pulse.be\\\/?s={search_term_string}\"},\"query-input\":{\"@type\":\"PropertyValueSpecification\",\"valueRequired\":true,\"valueName\":\"search_term_string\"}}],\"inLanguage\":\"fr-FR\"},{\"@type\":\"Organization\",\"@id\":\"https:\\\/\\\/pro-pulse.be\\\/#organization\",\"name\":\"Pro-Pulse\",\"url\":\"https:\\\/\\\/pro-pulse.be\\\/\",\"logo\":{\"@type\":\"ImageObject\",\"inLanguage\":\"fr-FR\",\"@id\":\"https:\\\/\\\/pro-pulse.be\\\/#\\\/schema\\\/logo\\\/image\\\/\",\"url\":\"https:\\\/\\\/pro-pulse.be\\\/wp-content\\\/uploads\\\/2022\\\/07\\\/Bandeau-Pro-Pulse-Noir_Blanc.jpg\",\"contentUrl\":\"https:\\\/\\\/pro-pulse.be\\\/wp-content\\\/uploads\\\/2022\\\/07\\\/Bandeau-Pro-Pulse-Noir_Blanc.jpg\",\"width\":1210,\"height\":265,\"caption\":\"Pro-Pulse\"},\"image\":{\"@id\":\"https:\\\/\\\/pro-pulse.be\\\/#\\\/schema\\\/logo\\\/image\\\/\"}}]}<\/script>\n<!-- \/ Yoast SEO plugin. -->","yoast_head_json":{"title":"Etapes de la cr\u00e9ation d'une entreprise - Pro-Pulse","robots":{"index":"index","follow":"follow","max-snippet":"max-snippet:-1","max-image-preview":"max-image-preview:large","max-video-preview":"max-video-preview:-1"},"canonical":"https:\/\/pro-pulse.be\/index.php\/etapes-de-la-creation-dune-entreprise\/","og_locale":"fr_FR","og_type":"article","og_title":"Etapes de la cr\u00e9ation d'une entreprise - Pro-Pulse","og_description":"T\u00c9L\u00c9CHARGEZ NOTRE GUIDET\u00e9l\u00e9charger les \u00e9tapes n\u00e9cessaires \u00e0 la cr\u00e9ation de votre entreprise","og_url":"https:\/\/pro-pulse.be\/index.php\/etapes-de-la-creation-dune-entreprise\/","og_site_name":"Pro-Pulse","article_modified_time":"2023-09-22T12:09:32+00:00","twitter_card":"summary_large_image","twitter_misc":{"Dur\u00e9e de lecture estim\u00e9e":"1 minute"},"schema":{"@context":"https:\/\/schema.org","@graph":[{"@type":"WebPage","@id":"https:\/\/pro-pulse.be\/index.php\/etapes-de-la-creation-dune-entreprise\/","url":"https:\/\/pro-pulse.be\/index.php\/etapes-de-la-creation-dune-entreprise\/","name":"Etapes de la cr\u00e9ation d'une entreprise - Pro-Pulse","isPartOf":{"@id":"https:\/\/pro-pulse.be\/#website"},"datePublished":"2022-12-01T14:25:13+00:00","dateModified":"2023-09-22T12:09:32+00:00","breadcrumb":{"@id":"https:\/\/pro-pulse.be\/index.php\/etapes-de-la-creation-dune-entreprise\/#breadcrumb"},"inLanguage":"fr-FR","potentialAction":[{"@type":"ReadAction","target":["https:\/\/pro-pulse.be\/index.php\/etapes-de-la-creation-dune-entreprise\/"]}]},{"@type":"BreadcrumbList","@id":"https:\/\/pro-pulse.be\/index.php\/etapes-de-la-creation-dune-entreprise\/#breadcrumb","itemListElement":[{"@type":"ListItem","position":1,"name":"Accueil","item":"https:\/\/pro-pulse.be\/"},{"@type":"ListItem","position":2,"name":"Etapes de la cr\u00e9ation d&rsquo;une entreprise"}]},{"@type":"WebSite","@id":"https:\/\/pro-pulse.be\/#website","url":"https:\/\/pro-pulse.be\/","name":"Pro-Pulse","description":"La boite qui monte des boites","publisher":{"@id":"https:\/\/pro-pulse.be\/#organization"},"potentialAction":[{"@type":"SearchAction","target":{"@type":"EntryPoint","urlTemplate":"https:\/\/pro-pulse.be\/?s={search_term_string}"},"query-input":{"@type":"PropertyValueSpecification","valueRequired":true,"valueName":"search_term_string"}}],"inLanguage":"fr-FR"},{"@type":"Organization","@id":"https:\/\/pro-pulse.be\/#organization","name":"Pro-Pulse","url":"https:\/\/pro-pulse.be\/","logo":{"@type":"ImageObject","inLanguage":"fr-FR","@id":"https:\/\/pro-pulse.be\/#\/schema\/logo\/image\/","url":"https:\/\/pro-pulse.be\/wp-content\/uploads\/2022\/07\/Bandeau-Pro-Pulse-Noir_Blanc.jpg","contentUrl":"https:\/\/pro-pulse.be\/wp-content\/uploads\/2022\/07\/Bandeau-Pro-Pulse-Noir_Blanc.jpg","width":1210,"height":265,"caption":"Pro-Pulse"},"image":{"@id":"https:\/\/pro-pulse.be\/#\/schema\/logo\/image\/"}}]}},"_links":{"self":[{"href":"https:\/\/pro-pulse.be\/index.php\/wp-json\/wp\/v2\/pages\/50400","targetHints":{"allow":["GET"]}}],"collection":[{"href":"https:\/\/pro-pulse.be\/index.php\/wp-json\/wp\/v2\/pages"}],"about":[{"href":"https:\/\/pro-pulse.be\/index.php\/wp-json\/wp\/v2\/types\/page"}],"author":[{"embeddable":true,"href":"https:\/\/pro-pulse.be\/index.php\/wp-json\/wp\/v2\/users\/1"}],"replies":[{"embeddable":true,"href":"https:\/\/pro-pulse.be\/index.php\/wp-json\/wp\/v2\/comments?post=50400"}],"version-history":[{"count":6,"href":"https:\/\/pro-pulse.be\/index.php\/wp-json\/wp\/v2\/pages\/50400\/revisions"}],"predecessor-version":[{"id":51032,"href":"https:\/\/pro-pulse.be\/index.php\/wp-json\/wp\/v2\/pages\/50400\/revisions\/51032"}],"wp:attachment":[{"href":"https:\/\/pro-pulse.be\/index.php\/wp-json\/wp\/v2\/media?parent=50400"}],"curies":[{"name":"wp","href":"https:\/\/api.w.org\/{rel}","templated":true}]}}